{"id":15,"date":"2014-02-05T13:49:53","date_gmt":"2014-02-05T12:49:53","guid":{"rendered":"http:\/\/foto.ben-horn.de\/?page_id=15"},"modified":"2019-01-25T18:10:40","modified_gmt":"2019-01-25T17:10:40","slug":"ueber-mich","status":"publish","type":"page","link":"https:\/\/ben-horn.de\/?page_id=15","title":{"rendered":"\u00dcber mich"},"content":{"rendered":"<p>[et_pb_section fb_built=&#8220;1&#8243; inner_shadow=&#8220;on&#8220; custom_padding_last_edited=&#8220;on|desktop&#8220; admin_label=&#8220;section&#8220; _builder_version=&#8220;3.19.4&#8243; custom_padding_tablet=&#8220;50px|0|50px|0&#8243;][et_pb_row admin_label=&#8220;row&#8220; _builder_version=&#8220;3.0.47&#8243; background_size=&#8220;initial&#8220; background_position=&#8220;top_left&#8220; background_repeat=&#8220;repeat&#8220;][et_pb_column type=&#8220;1_4&#8243; _builder_version=&#8220;3.0.47&#8243; parallax=&#8220;off&#8220; parallax_method=&#8220;on&#8220;][et_pb_image src=&#8220;http:\/\/foto.ben-horn.de\/wp-content\/uploads\/2014\/02\/IMG_-3304.jpg&#8220; show_bottom_space=&#8220;off&#8220; _builder_version=&#8220;3.0.87&#8243; animation_style=&#8220;slide&#8220; animation_direction=&#8220;left&#8220; animation_duration=&#8220;500ms&#8220; animation_intensity_slide=&#8220;10%&#8220; animation=&#8220;left&#8220; sticky=&#8220;on&#8220; use_border_color=&#8220;off&#8220; border_color=&#8220;#dd9933&#8243; border_style=&#8220;solid&#8220;]<\/p>\n<p>[\/et_pb_image][\/et_pb_column][et_pb_column type=&#8220;3_4&#8243; _builder_version=&#8220;3.0.47&#8243; parallax=&#8220;off&#8220; parallax_method=&#8220;on&#8220;][et_pb_text _builder_version=&#8220;3.19.4&#8243; background_size=&#8220;initial&#8220; background_position=&#8220;top_left&#8220; background_repeat=&#8220;repeat&#8220; background_layout=&#8220;dark&#8220; use_border_color=&#8220;off&#8220; border_color=&#8220;#ffffff&#8220; border_style=&#8220;solid&#8220;]<\/p>\n<p><span style=\"color: #0c0c0c;\"> Immer dabei genau das Foto zu machen, worauf es ankommt,<\/span><\/p>\n<p>&nbsp;<\/p>\n<blockquote>\n<p><span style=\"color: #0c0c0c;\"><strong>Der Augenblick, der alles erz\u00e4hlt<\/strong><\/span><br \/><span style=\"color: #0c0c0c;\">(<em>Robert Lebeck<\/em>)<\/span><\/p>\n<\/blockquote>\n<p>&nbsp;<\/p>\n<p><span style=\"color: #0c0c0c;\">auch wenn es ein einmaliges Erlebnis ist, genau DAS Foto zu machen &#8211; das Foto seines Lebens. Das Streben nach immer neuen Aufnahmen mit dem &#8222;WOW-Effekt&#8220; ist die Fazination, die mir die Fotografie gibt.<\/span><\/p>\n<p>&nbsp;<\/p>\n<p><span style=\"color: #0c71c3;\"><strong>Benjamin Horn<\/strong><\/span><br \/><span style=\"color: #0c0c0c;\">Geboren im Jahr 1985, und seit dem wohnhaft in K\u00f6ln bin ich seit 2009 als Sportfotograf aktiv. Begonnen mit einzelnen Bildern, erscheinen meine Fotos\u00a0mittlerweile regelm\u00e4\u00dfig in Printausgaben verschiedener Zeitungen und Zeitschriften. Zudem versorge ich Onlineshops mit Produktfotos sowie Firmen mit Bildmaterial f\u00fcr ihre Firmenhomepages und verschiedene\u00a0Privatkunden mit ganz individuellen W\u00fcnschen von Portraits, \u00fcber Tierfotos bis zu KFZ Fotos und Rolling Shots.<\/span><\/p>\n<p>&nbsp;<\/p>\n<p>[\/et_pb_text][\/et_pb_column][\/et_pb_row][et_pb_row _builder_version=&#8220;3.19.4&#8243; background_size=&#8220;initial&#8220; background_position=&#8220;top_left&#8220; background_repeat=&#8220;repeat&#8220;][et_pb_column type=&#8220;1_2&#8243; _builder_version=&#8220;3.0.47&#8243; parallax=&#8220;off&#8220; parallax_method=&#8220;on&#8220;][et_pb_text _builder_version=&#8220;3.0.87&#8243; background_size=&#8220;initial&#8220; background_position=&#8220;top_left&#8220; background_repeat=&#8220;repeat&#8220; background_layout=&#8220;dark&#8220; use_border_color=&#8220;off&#8220; border_color=&#8220;#ffffff&#8220; border_style=&#8220;solid&#8220;]<\/p>\n<p><span style=\"color: #0c71c3;\"><strong>Alles aus einer Hand<\/strong><\/span><br \/><span style=\"color: #0c0000;\">&#8211; Sport &amp; Action<\/span><br \/><span style=\"color: #0c0000;\">&#8211; Dokumentationen und Reportagen aller Art<\/span><br \/><span style=\"color: #0c0000;\">&#8211; Produktfotografie f\u00fcr Onlineshops und Pr\u00e4sentationen<\/span><br \/><span style=\"color: #0c0000;\">&#8211; Haus- und Hoftierfotografie<\/span><br \/><span style=\"color: #0c0000;\">&#8211; KFZ Fotos und Rolling Shots<\/span><br \/><span style=\"color: #0c0000;\">&#8211; Bildmaterial von Betrieben und Mitarbeitern f\u00fcr Firmenhomepages<\/span><br \/><span style=\"color: #0c0000;\">Ganz individuell f\u00fcr Redaktionen sowie Privat- und Gewerbekunden.<\/span><\/p>\n<p>[\/et_pb_text][\/et_pb_column][et_pb_column type=&#8220;1_2&#8243; _builder_version=&#8220;3.0.47&#8243; parallax=&#8220;off&#8220; parallax_method=&#8220;on&#8220;][et_pb_text _builder_version=&#8220;3.0.87&#8243; background_size=&#8220;initial&#8220; background_position=&#8220;top_left&#8220; background_repeat=&#8220;repeat&#8220; background_layout=&#8220;dark&#8220; use_border_color=&#8220;off&#8220; border_color=&#8220;#ffffff&#8220; border_style=&#8220;solid&#8220;]<\/p>\n<p><span style=\"color: #0c71c3;\"> <strong>Freier Fotograf<\/strong><\/span><br \/><span style=\"color: #0c0000;\"><strong>2009-2012<\/strong> FussiFreunde K\u00f6ln<\/span><br \/><span style=\"color: #0c0000;\"><strong>2015-2016<\/strong>\u00a0Rheinfussball<\/span><br \/><span style=\"color: #0c0000;\"><strong>2015-2015<\/strong>\u00a0foto2press<span><br \/><strong>2011-2019<\/strong>\u00a0K\u00f6ln.Sport*<\/span><\/span><br \/><span style=\"color: #0c0000;\"><strong>2015-2019<\/strong>\u00a0Pressefoto Eibner*<br \/><span><strong>2013-2019<\/strong>\u00a0BRAVO Sport*<\/span><br \/><span><strong>2015-2019<\/strong>\u00a0K\u00f6lnische Rundschau*<\/span><\/span><\/p>\n<p><span style=\"color: #0c0000;\">(* aktuell freiberuflich t\u00e4tig)<\/span><\/p>\n<p>[\/et_pb_text][\/et_pb_column][\/et_pb_row][\/et_pb_section][et_pb_section fb_built=&#8220;1&#8243; fullwidth=&#8220;on&#8220; _builder_version=&#8220;3.0.47&#8243;][et_pb_fullwidth_slider _builder_version=&#8220;3.16&#8243; background_size=&#8220;default&#8220; background_position=&#8220;default&#8220; box_shadow_style=&#8220;preset6&#8243; box_shadow_blur=&#8220;10px&#8220; box_shadow_color=&#8220;rgba(0,0,0,0.1)&#8220; custom_padding=&#8220;|||&#8220; custom_padding_tablet=&#8220;|||&#8220; custom_padding_phone=&#8220;|||&#8220; remove_inner_shadow=&#8220;off&#8220; hide_content_on_mobile=&#8220;off&#8220; hide_cta_on_mobile=&#8220;off&#8220; show_inner_shadow=&#8220;on&#8220; button_border_radius_hover=&#8220;3&#8243; button_letter_spacing_hover=&#8220;0&#8243; button_text_size__hover_enabled=&#8220;off&#8220; button_text_size__hover=&#8220;null&#8220; button_one_text_size__hover_enabled=&#8220;off&#8220; button_one_text_size__hover=&#8220;null&#8220; button_two_text_size__hover_enabled=&#8220;off&#8220; button_two_text_size__hover=&#8220;null&#8220; button_text_color__hover_enabled=&#8220;off&#8220; button_text_color__hover=&#8220;null&#8220; button_one_text_color__hover_enabled=&#8220;off&#8220; button_one_text_color__hover=&#8220;null&#8220; button_two_text_color__hover_enabled=&#8220;off&#8220; button_two_text_color__hover=&#8220;null&#8220; button_border_width__hover_enabled=&#8220;off&#8220; button_border_width__hover=&#8220;null&#8220; button_one_border_width__hover_enabled=&#8220;off&#8220; button_one_border_width__hover=&#8220;null&#8220; button_two_border_width__hover_enabled=&#8220;off&#8220; button_two_border_width__hover=&#8220;null&#8220; button_border_color__hover_enabled=&#8220;off&#8220; button_border_color__hover=&#8220;null&#8220; button_one_border_color__hover_enabled=&#8220;off&#8220; button_one_border_color__hover=&#8220;null&#8220; button_two_border_color__hover_enabled=&#8220;off&#8220; button_two_border_color__hover=&#8220;null&#8220; button_border_radius__hover_enabled=&#8220;on&#8220; button_border_radius__hover=&#8220;3&#8243; button_one_border_radius__hover_enabled=&#8220;off&#8220; button_one_border_radius__hover=&#8220;null&#8220; button_two_border_radius__hover_enabled=&#8220;off&#8220; button_two_border_radius__hover=&#8220;null&#8220; button_letter_spacing__hover_enabled=&#8220;on&#8220; button_letter_spacing__hover=&#8220;0&#8243; button_one_letter_spacing__hover_enabled=&#8220;off&#8220; button_one_letter_spacing__hover=&#8220;null&#8220; button_two_letter_spacing__hover_enabled=&#8220;off&#8220; button_two_letter_spacing__hover=&#8220;null&#8220; button_bg_color__hover_enabled=&#8220;off&#8220; button_bg_color__hover=&#8220;null&#8220; button_one_bg_color__hover_enabled=&#8220;off&#8220; button_one_bg_color__hover=&#8220;null&#8220; button_two_bg_color__hover_enabled=&#8220;off&#8220; button_two_bg_color__hover=&#8220;null&#8220;][et_pb_slide _builder_version=&#8220;3.16&#8243; background_color=&#8220;#ffffff&#8220; background_image=&#8220;http:\/\/foto.ben-horn.de\/wp-content\/uploads\/2014\/02\/1_MR1_0878.jpg&#8220; background_size=&#8220;default&#8220; background_position=&#8220;default&#8220; button_icon_placement=&#8220;right&#8220; button_on_hover=&#8220;on&#8220; button_text_size__hover_enabled=&#8220;off&#8220; button_one_text_size__hover_enabled=&#8220;off&#8220; button_two_text_size__hover_enabled=&#8220;off&#8220; button_text_color__hover_enabled=&#8220;off&#8220; button_one_text_color__hover_enabled=&#8220;off&#8220; button_two_text_color__hover_enabled=&#8220;off&#8220; button_border_width__hover_enabled=&#8220;off&#8220; button_one_border_width__hover_enabled=&#8220;off&#8220; button_two_border_width__hover_enabled=&#8220;off&#8220; button_border_color__hover_enabled=&#8220;off&#8220; button_one_border_color__hover_enabled=&#8220;off&#8220; button_two_border_color__hover_enabled=&#8220;off&#8220; button_border_radius__hover_enabled=&#8220;off&#8220; button_one_border_radius__hover_enabled=&#8220;off&#8220; button_two_border_radius__hover_enabled=&#8220;off&#8220; button_letter_spacing__hover_enabled=&#8220;off&#8220; button_one_letter_spacing__hover_enabled=&#8220;off&#8220; button_two_letter_spacing__hover_enabled=&#8220;off&#8220; button_bg_color__hover_enabled=&#8220;off&#8220; button_one_bg_color__hover_enabled=&#8220;off&#8220; button_two_bg_color__hover_enabled=&#8220;off&#8220;] [\/et_pb_slide][\/et_pb_fullwidth_slider][\/et_pb_section][et_pb_section fb_built=&#8220;1&#8243; custom_padding_last_edited=&#8220;on|desktop&#8220; _builder_version=&#8220;3.19.4&#8243; custom_padding_tablet=&#8220;50px|0|50px|0&#8243; transparent_background=&#8220;off&#8220; padding_mobile=&#8220;off&#8220;][et_pb_row _builder_version=&#8220;3.19.4&#8243; background_size=&#8220;initial&#8220; background_position=&#8220;top_left&#8220; background_repeat=&#8220;repeat&#8220;][et_pb_column type=&#8220;4_4&#8243; _builder_version=&#8220;3.0.47&#8243; parallax=&#8220;off&#8220; parallax_method=&#8220;on&#8220;][et_pb_text admin_label=&#8220;Referenzen&#8220; _builder_version=&#8220;3.0.87&#8243; background_size=&#8220;initial&#8220; background_position=&#8220;top_left&#8220; background_repeat=&#8220;repeat&#8220; text_orientation=&#8220;center&#8220; background_layout=&#8220;dark&#8220; module_alignment=&#8220;center&#8220; use_border_color=&#8220;off&#8220; border_color=&#8220;#ffffff&#8220; border_style=&#8220;solid&#8220;]<\/p>\n<p><span style=\"color: #0c71c3;\"><strong>Referenzen<\/strong><\/span><\/p>\n<p><span style=\"color: #0a0a0a;\">\u25a0 avt plus \u25a0 Basket \u25a0 BILD \u25a0 Bin im Garten \u25a0 BRAVO Sport \u25a0 Carparts K\u00f6ln GmbH \u25a0 FussiFreunde K\u00f6ln \u25a0<\/span><br \/><span style=\"color: #0a0a0a;\">\u25a0 General-Anzeiger Bonn \u25a0 Glauben &amp; Wissen \u25a0 Golfspiel \u25a0 junited AUTOGLAS \u25a0 K\u00f6ln.Sport \u25a0<\/span><br \/><span style=\"color: #0a0a0a;\">\u25a0 K\u00f6lnB\u00e4der GmbH \u25a0 K\u00f6lner Stadt-Anzeiger \u25a0 K\u00f6lnische Rundschau \u25a0 Lekkerland \u25a0 Mein Shop \u25a0<\/span><br \/><span style=\"color: #0a0a0a;\">\u25a0 Rheinfussball \u25a0 Rheinische Post \u25a0 Rodenkirchener Bilderbogen \u25a0 SC Fortuna K\u00f6ln e.V. \u25a0 Tabbak-MARKT \u25a0<\/span><br \/><span style=\"color: #0a0a0a;\">\u25a0 tennisSPORT im TVM \u25a0 Unterwegs in M\u00fclheim \u25a0<\/span><\/p>\n<p>[\/et_pb_text][\/et_pb_column][\/et_pb_row][et_pb_row _builder_version=&#8220;3.0.47&#8243; background_size=&#8220;initial&#8220; background_position=&#8220;top_left&#8220; background_repeat=&#8220;repeat&#8220;][et_pb_column type=&#8220;4_4&#8243; _builder_version=&#8220;3.0.47&#8243; parallax=&#8220;off&#8220; parallax_method=&#8220;on&#8220;][et_pb_text _builder_version=&#8220;3.0.87&#8243; background_size=&#8220;initial&#8220; background_position=&#8220;top_left&#8220; background_repeat=&#8220;repeat&#8220; background_layout=&#8220;dark&#8220; use_border_color=&#8220;off&#8220; border_color=&#8220;#ffffff&#8220; border_style=&#8220;solid&#8220;]<\/p>\n<p><span style=\"color: #0c71c3;\"> <strong>Die pers\u00f6nlichen Highlights<\/strong>:<\/span><\/p>\n<p>[\/et_pb_text][et_pb_gallery gallery_ids=&#8220;1461,1462,1466,1465,1463,1464&#8243; posts_number=&#8220;6&#8243; show_pagination=&#8220;off&#8220; _builder_version=&#8220;3.0.87&#8243; title_font=&#8220;|on|||&#8220; title_text_color=&#8220;#dd9933&#8243; title_font_size=&#8220;13&#8243; caption_text_color=&#8220;#dd9933&#8243; background_layout=&#8220;dark&#8220; auto_speed=&#8220;5000&#8243; use_border_color=&#8220;off&#8220; border_color=&#8220;#ffffff&#8220; border_width=&#8220;2px&#8220; border_style=&#8220;solid&#8220;]<\/p>\n<p>[\/et_pb_gallery][\/et_pb_column][\/et_pb_row][\/et_pb_section]<\/p>\n","protected":false},"excerpt":{"rendered":"<p>[et_pb_section fb_built=&#8220;1&#8243; inner_shadow=&#8220;on&#8220; custom_padding_last_edited=&#8220;on|desktop&#8220; admin_label=&#8220;section&#8220; _builder_version=&#8220;3.19.4&#8243; custom_padding_tablet=&#8220;50px|0|50px|0&#8243;][et_pb_row admin_label=&#8220;row&#8220; _builder_version=&#8220;3.0.47&#8243; background_size=&#8220;initial&#8220; background_position=&#8220;top_left&#8220; background_repeat=&#8220;repeat&#8220;][et_pb_column type=&#8220;1_4&#8243; _builder_version=&#8220;3.0.47&#8243; parallax=&#8220;off&#8220; parallax_method=&#8220;on&#8220;][et_pb_image src=&#8220;http:\/\/foto.ben-horn.de\/wp-content\/uploads\/2014\/02\/IMG_-3304.jpg&#8220; show_bottom_space=&#8220;off&#8220; _builder_version=&#8220;3.0.87&#8243; animation_style=&#8220;slide&#8220; animation_direction=&#8220;left&#8220; animation_duration=&#8220;500ms&#8220; animation_intensity_slide=&#8220;10%&#8220; animation=&#8220;left&#8220; sticky=&#8220;on&#8220; use_border_color=&#8220;off&#8220; border_color=&#8220;#dd9933&#8243; border_style=&#8220;solid&#8220;] [\/et_pb_image][\/et_pb_column][et_pb_column type=&#8220;3_4&#8243; _builder_version=&#8220;3.0.47&#8243; parallax=&#8220;off&#8220; parallax_method=&#8220;on&#8220;][et_pb_text _builder_version=&#8220;3.19.4&#8243; background_size=&#8220;initial&#8220; background_position=&#8220;top_left&#8220; background_repeat=&#8220;repeat&#8220; background_layout=&#8220;dark&#8220; use_border_color=&#8220;off&#8220; border_color=&#8220;#ffffff&#8220; border_style=&#8220;solid&#8220;] Immer dabei genau das Foto zu machen, worauf es ankommt, &nbsp; Der Augenblick, der [&hellip;]<\/p>\n","protected":false},"author":1,"featured_media":0,"parent":0,"menu_order":0,"comment_status":"closed","ping_status":"closed","template":"","meta":{"_et_pb_use_builder":"on","_et_pb_old_content":"<a class=\"thumbnail\" href=\"#thumb\"><img class=\" wp-image-535 alignleft\" alt=\"IMG_0804\" src=\"http:\/\/foto.ben-horn.de\/wp-content\/uploads\/2014\/02\/IMG_0804-150x150.jpg\" width=\"150\" height=\"150\" \/><span><img alt=\"\" src=\"wp-content\/uploads\/2014\/02\/IMG_0804-450x450.jpg\" \/><\/span><\/a>\r\n\r\nImmer dabei genau das Foto zu machen, worauf es ankommt,\r\n<blockquote><strong>Der Augenblick, der alles erz\u00e4hlt<\/strong>\r\n(<em>Robert Lebeck<\/em>)<\/blockquote>\r\nauch wenn es ein einmaliges Erlebnis ist, genau DAS Foto zu machen - das Foto seines Lebens. Das Streben nach immer neuen Aufnahmen mit dem \"WOW-Effekt\" ist die Fazination die mir die Fotografie gibt.\r\n\r\n<strong>Benjamin Horn<\/strong>\r\nGeboren im Jahr 1985, und seit dem wohnhaft in K\u00f6ln bin ich seit 2009 als Sportfotograf aktiv. Begonnen mit einzelnen Bildern, erscheinen meine Bilder mittlerweile regelm\u00e4\u00dfig in Printausgaben verschiedener Zeitungen und Zeitschriften. Zudem versorge ich Onlineshops mit Produktfotos, sowie Firmen mit Bildmaterial f\u00fcr ihre Firmenhomepages, und allerlei Privatkunden mit ganz individuellen W\u00fcnschen von Portraits \u00fcber Tierfotos bis zu KFZ Fotos und Rolling Shots.\r\n\r\n<strong>Alles aus einer Hand<\/strong>\r\n- Sport & Action\r\n- Dokumentationen und Reportagen aller Art\r\n- Produktfotografie f\u00fcr Onlineshops und Pr\u00e4sentationen\r\n- Haus- und Hoftierfotografie\r\n- KFZ Fotos und Rolling Shots\r\n- Bildmaterial von Betrieben und Mitarbeitern f\u00fcr Firmenhomepages\r\nGanz individuell f\u00fcr Redaktionen, sowie Privat- und Gewerbekunden.\r\n\r\n<strong>Freier Fotograf<\/strong>\r\n<strong>2009-2012<\/strong> FussiFreunde K\u00f6ln\r\n<strong>2011-2015<\/strong> K\u00f6ln.Sport\r\n<strong>2013-2015<\/strong> BRAVO Sport\r\n<strong>2015-2015<\/strong> K\u00f6lnische Rundschau\r\n<strong>2015-2015<\/strong> Rheinfussball\r\n\r\n<strong>Pers\u00f6nliche Highlights<\/strong>\r\n(2011) <a class=\"thumbnail\" href=\"#thumb\">Erste Doppelseite<span><img alt=\"\" src=\"img\/about\/erste-doppelseite.jpg\" \/><\/span><\/a>\r\n(2012) <a class=\"thumbnail\" href=\"#thumb\">K\u00f6lns Sportfoto des Jahres 2012<span><img alt=\"\" src=\"img\/about\/koelns-sportfoto-des-jahres-2012.jpg\" \/><\/span><\/a>\r\n(2013) <a class=\"thumbnail\" href=\"#thumb\">#2 'Alle inklusive' (Kat.: Jugendliche 13-18 Jahre)<span><img alt=\"\" src=\"img\/about\/Poster_Inklusion.jpg\" \/><\/span><\/a>\r\n(2014) <a class=\"thumbnail\" href=\"#thumb\">Doppelseite Lekkerland Gesch\u00e4ftsbericht 2013<span><img alt=\"\" src=\"img\/about\/LLand-GeschB-2013.jpg\" \/><\/span><\/a>\r\n(2014) <a class=\"thumbnail\" href=\"#thumb\">K\u00f6lns Sportfoto des Jahres 2014 + Motiv der Weihnachtskarte 2014 des Sportamtes<span><img alt=\"\" src=\"img\/about\/koelns-sportfoto-des-jahres-2014.jpg\" \/><\/span><\/a>\r\n<p style=\"text-align: center;\"><span style=\"color: #777777;\"><strong>Referenzen<\/strong><\/span>\r\n<span style=\"color: #777777;\">\u25a0 avt plus \u25a0 Basket \u25a0 BILD \u25a0 Bin im Garten \u25a0 BRAVO Sport \u25a0<\/span>\r\n<span style=\"color: #777777;\">\u25a0 Carparts K\u00f6ln GmbH \u25a0 FussiFreunde K\u00f6ln \u25a0\r\n<span style=\"color: #777777;\">\u25a0 General-Anzeiger Bonn \u25a0 Glauben & Wissen \u25a0<\/span>\r\n<span style=\"color: #777777;\">\u25a0 Golfspiel \u25a0 junited AUTOGLAS \u25a0 K\u00f6ln.Sport \u25a0<\/span>\r\n<span style=\"color: #777777;\">\u25a0 K\u00f6lnB\u00e4der GmbH \u25a0 K\u00f6lner Stadt-Anzeiger \u25a0<\/span>\r\n<span style=\"color: #777777;\">\u25a0 K\u00f6lnische Rundschau \u25a0 Lekkerland \u25a0 Mein Shop \u25a0<\/span>\r\n<span style=\"color: #777777;\">\u25a0 Rheinfussball \u25a0 Rheinische Post \u25a0<\/span>\r\n<span style=\"color: #777777;\">\u25a0 Rodenkirchener Bilderbogen \u25a0 SC Fortuna K\u00f6ln e.V. \u25a0<\/span>\r\n<span style=\"color: #777777;\">\u25a0 Tabbak-MARKT \u25a0 tennisSPORT im TVM \u25a0 Unterwegs in M\u00fclheim \u25a0<\/span>\r\n\r\n\r\n\r\n\r\n\r\n<\/p>","footnotes":""},"class_list":["post-15","page","type-page","status-publish","hentry"],"_links":{"self":[{"href":"https:\/\/ben-horn.de\/index.php?rest_route=\/wp\/v2\/pages\/15","targetHints":{"allow":["GET"]}}],"collection":[{"href":"https:\/\/ben-horn.de\/index.php?rest_route=\/wp\/v2\/pages"}],"about":[{"href":"https:\/\/ben-horn.de\/index.php?rest_route=\/wp\/v2\/types\/page"}],"author":[{"embeddable":true,"href":"https:\/\/ben-horn.de\/index.php?rest_route=\/wp\/v2\/users\/1"}],"replies":[{"embeddable":true,"href":"https:\/\/ben-horn.de\/index.php?rest_route=%2Fwp%2Fv2%2Fcomments&post=15"}],"version-history":[{"count":107,"href":"https:\/\/ben-horn.de\/index.php?rest_route=\/wp\/v2\/pages\/15\/revisions"}],"predecessor-version":[{"id":2386,"href":"https:\/\/ben-horn.de\/index.php?rest_route=\/wp\/v2\/pages\/15\/revisions\/2386"}],"wp:attachment":[{"href":"https:\/\/ben-horn.de\/index.php?rest_route=%2Fwp%2Fv2%2Fmedia&parent=15"}],"curies":[{"name":"wp","href":"https:\/\/api.w.org\/{rel}","templated":true}]}}